{"id":1798,"date":"2022-10-19T21:43:39","date_gmt":"2022-10-19T13:43:39","guid":{"rendered":"http:\/\/tikarm.zhibaocx.com\/?page_id=1798"},"modified":"2023-04-24T22:40:38","modified_gmt":"2023-04-24T14:40:38","slug":"1798-2","status":"publish","type":"page","link":"http:\/\/www.kldppf.com\/?page_id=1798","title":{"rendered":"\u5168\u7403\u7f51\u7edc"},"content":{"rendered":"<p><section class=\"kc-elm kc-css-934967 kc_row\"><div class=\"kc-row-container  kc-container\"><div class=\"kc-wrap-columns\"><div class=\"kc-elm kc-css-572303 kc_col-sm-12 kc_column kc_col-sm-12\"><div class=\"kc-col-container\"><div class=\"kc-elm kc-css-257417 kc_shortcode kc_single_image\">\n\n        <img src=\"http:\/\/www.kldppf.com\/wp-content\/uploads\/2022\/10\/20221009110022-scaled-e1666185764751.jpg\" class=\"\" alt=\"\" \/>    <\/div>\n<\/div><\/div><\/div><\/div><\/section><section class=\"kc-elm kc-css-516077 kc_row\"><div class=\"kc-row-container  kc-container\"><div class=\"kc-wrap-columns\"><div class=\"kc-elm kc-css-514342 kc_col-sm-12 kc_column kc_col-sm-12\"><div class=\"kc-col-container\"><div class=\"kc-elm kc-css-104745 kc_row kc_row_inner\"><div class=\"kc-elm kc-css-912925 kc_col-sm-3 kc_column_inner kc_col-sm-3\"><div class=\"kc_wrapper kc-col-inner-container\"><div class=\"kc-elm kc-css-377451 kc_text_block\"><\/p>\n<p style=\"text-align: center;\"><strong>U.S.A<\/strong><br \/>5650 Copley Dr Suite C<br \/>San Diego, CA 92111<\/p>\n<p>\n<\/div><\/div><\/div><div class=\"kc-elm kc-css-985998 kc_col-sm-3 kc_column_inner kc_col-sm-3\"><div class=\"kc_wrapper kc-col-inner-container\"><div class=\"kc-elm kc-css-604568 kc_text_block\"><\/p>\n<p style=\"text-align: center;\"><strong>\u4e2d\u56fd\u603b\u90e8<\/strong><br \/>\u6e56\u5317\u7701\u00b7\u6b66\u6c49\u5e02\u00b7\u6c5f\u5cb8\u533a<\/p>\n<p>\n<\/div><\/div><\/div><div class=\"kc-elm kc-css-270925 kc_col-sm-3 kc_column_inner kc_col-sm-3\"><div class=\"kc_wrapper kc-col-inner-container\"><div class=\"kc-elm kc-css-30849 kc_text_block\"><\/p>\n<p style=\"text-align: center;\"><strong>Canada<\/strong><br \/>2219 32 Ave NE<br \/>Calgary, AB T2E 6Z3<\/p>\n<p>\n<\/div><\/div><\/div><div class=\"kc-elm kc-css-717957 kc_col-sm-3 kc_column_inner kc_col-sm-3\"><div class=\"kc_wrapper kc-col-inner-container\"><div class=\"kc-elm kc-css-597353 kc_text_block\"><\/p>\n<p style=\"text-align: center;\"><strong>Mexico<\/strong><br \/>Los Reyes, Coyoac\u00e1n, 04330 Ciudad de M\u00e9xico<\/p>\n<p>\n<\/div><\/div><\/div><\/div><div class=\"kc-elm kc-css-770355 kc_row kc_row_inner\"><div class=\"kc-elm kc-css-970708 kc_col-sm-3 kc_column_inner kc_col-sm-3\"><div class=\"kc_wrapper kc-col-inner-container\"><div class=\"kc-elm kc-css-751097 kc_text_block\"><\/p>\n<p style=\"text-align: center;\"><strong>France<\/strong><br \/>52 rue Bonaparte 75006 Paris<\/p>\n<p>\n<\/div><\/div><\/div><div class=\"kc-elm kc-css-860555 kc_col-sm-3 kc_column_inner kc_col-sm-3\"><div class=\"kc_wrapper kc-col-inner-container\"><div class=\"kc-elm kc-css-293736 kc_text_block\"><\/p>\n<p style=\"text-align: center;\"><strong>Iceland<\/strong><br \/>Gtechniq \u00e1 \u00cdslandi (H\u00e1hei\u00f0i 9) 800 Selfoss<\/p>\n<p>\n<\/div><\/div><\/div><div class=\"kc-elm kc-css-796551 kc_col-sm-3 kc_column_inner kc_col-sm-3\"><div class=\"kc_wrapper kc-col-inner-container\"><div class=\"kc-elm kc-css-900839 kc_text_block\"><\/p>\n<p style=\"text-align: center;\"><strong>Poland<\/strong><br \/>Ate\u0144ska 10\/119, 03-978 Warszawa<\/p>\n<p>\n<\/div><\/div><\/div><div class=\"kc-elm kc-css-139166 kc_col-sm-3 kc_column_inner kc_col-sm-3\"><div class=\"kc_wrapper kc-col-inner-container\"><div class=\"kc-elm kc-css-625397 kc_text_block\"><\/p>\n<p style=\"text-align: center;\"><strong> Egypt<\/strong><br \/>4th El nasr street.new maadi. Cairo Egypt<\/p>\n<p>\n<\/div><\/div><\/div><\/div><div class=\"kc-elm kc-css-977639 kc_row kc_row_inner\"><div class=\"kc-elm kc-css-778570 kc_col-sm-3 kc_column_inner kc_col-sm-3\"><div class=\"kc_wrapper kc-col-inner-container\"><div class=\"kc-elm kc-css-328051 kc_text_block\"><\/p>\n<p style=\"text-align: center;\"><strong>Australia<\/strong><br \/>Unit 21, 5 Hines Road, O\u2019Connor WA 6163<\/p>\n<p>\n<\/div><\/div><\/div><div class=\"kc-elm kc-css-79131 kc_col-sm-3 kc_column_inner kc_col-sm-3\"><div class=\"kc_wrapper kc-col-inner-container\"><div class=\"kc-elm kc-css-335494 kc_text_block\"><\/p>\n<p style=\"text-align: center;\"><strong>Malaysia<\/strong><br \/>Kuala Lumpur, Malaysia<\/p>\n<p>\n<\/div><\/div><\/div><div class=\"kc-elm kc-css-25055 kc_col-sm-3 kc_column_inner kc_col-sm-3\"><div class=\"kc_wrapper kc-col-inner-container\"><div class=\"kc-elm kc-css-613808 kc_text_block\"><\/p>\n<p style=\"text-align: center;\"><strong>SAUDI ARABIA<\/strong><br \/>Central Region, Riyadh, 11353<\/p>\n<p>\n<\/div><\/div><\/div><div class=\"kc-elm kc-css-207162 kc_col-sm-3 kc_column_inner kc_col-sm-3\"><div class=\"kc_wrapper kc-col-inner-container\"><div class=\"kc-elm kc-css-31547 kc_text_block\"><\/p>\n<p style=\"text-align: center;\"><strong>KUWAIT<\/strong><br \/>Shuwaikh Industrial Area, Kuwait<\/p>\n<p>\n<\/div><\/div><\/div><\/div><div class=\"kc-elm kc-css-672617 kc_row kc_row_inner\"><div class=\"kc-elm kc-css-328469 kc_col-sm-3 kc_column_inner kc_col-sm-3\"><div class=\"kc_wrapper kc-col-inner-container\"><div class=\"kc-elm kc-css-364723 kc_text_block\"><\/p>\n<p style=\"text-align: center;\"><strong>SOUTH KOREA<\/strong><br \/>Gyeonggi \u2013 do, Republic of Korea<\/p>\n<p>\n<\/div><\/div><\/div><div class=\"kc-elm kc-css-506841 kc_col-sm-3 kc_column_inner kc_col-sm-3\"><div class=\"kc_wrapper kc-col-inner-container\"><div class=\"kc-elm kc-css-983815 kc_text_block\"><\/p>\n<p style=\"text-align: center;\"><strong>U.A.E<\/strong><br \/>Warehouse B1-28 Ajman Freezone UAE<\/p>\n<p>\n<\/div><\/div><\/div><div class=\"kc-elm kc-css-816435 kc_col-sm-3 kc_column_inner kc_col-sm-3\"><div class=\"kc_wrapper kc-col-inner-container\"><\/div><\/div><div class=\"kc-elm kc-css-214395 kc_col-sm-3 kc_column_inner kc_col-sm-3\"><div class=\"kc_wrapper kc-col-inner-container\"><\/div><\/div><\/div><\/div><\/div><\/div><\/div><\/section><\/p>\n","protected":false},"excerpt":{"rendered":"","protected":false},"author":1,"featured_media":0,"parent":0,"menu_order":0,"comment_status":"closed","ping_status":"closed","template":"","meta":[],"_links":{"self":[{"href":"http:\/\/www.kldppf.com\/index.php?rest_route=\/wp\/v2\/pages\/1798"}],"collection":[{"href":"http:\/\/www.kldppf.com\/index.php?rest_route=\/wp\/v2\/pages"}],"about":[{"href":"http:\/\/www.kldppf.com\/index.php?rest_route=\/wp\/v2\/types\/page"}],"author":[{"embeddable":true,"href":"http:\/\/www.kldppf.com\/index.php?rest_route=\/wp\/v2\/users\/1"}],"replies":[{"embeddable":true,"href":"http:\/\/www.kldppf.com\/index.php?rest_route=%2Fwp%2Fv2%2Fcomments&post=1798"}],"version-history":[{"count":23,"href":"http:\/\/www.kldppf.com\/index.php?rest_route=\/wp\/v2\/pages\/1798\/revisions"}],"predecessor-version":[{"id":1888,"href":"http:\/\/www.kldppf.com\/index.php?rest_route=\/wp\/v2\/pages\/1798\/revisions\/1888"}],"wp:attachment":[{"href":"http:\/\/www.kldppf.com\/index.php?rest_route=%2Fwp%2Fv2%2Fmedia&parent=1798"}],"curies":[{"name":"wp","href":"https:\/\/api.w.org\/{rel}","templated":true}]}}